{"id":2805,"date":"2023-07-31T10:52:41","date_gmt":"2023-07-31T08:52:41","guid":{"rendered":"http:\/\/ceipmiraflores.es\/web\/?page_id=2805"},"modified":"2023-07-31T10:52:41","modified_gmt":"2023-07-31T08:52:41","slug":"pack-de-matriculacion","status":"publish","type":"page","link":"https:\/\/ceipmiraflores.es\/web\/pack-de-matriculacion\/","title":{"rendered":"Pack de Matriculaci\u00f3n"},"content":{"rendered":"\n<h4 class=\"has-text-align-center wp-block-heading\">En el CEIP Miraflores de los \u00c1ngeles te lo ponemos f\u00e1cil<\/h4>\n\n\n\n<p><span class=\"has-inline-color has-very-light-gray-color\">&#8211;<\/span><\/p>\n\n\n\n<p>Descarga y completa tu matr\u00edcula c\u00f3modamente desde cualquier lugar.<\/p>\n\n\n\n<p>No olvides presentarla en horario de Secretar\u00eda o env\u00edanosla por email a: 29004742.edu@juntadeandalucia.es<\/p>\n\n\n\n<p><span class=\"has-inline-color has-very-light-gray-color\">&#8211;<\/span><\/p>\n\n\n\n<ul class=\"wp-block-list\"><li>Matr\u00edcula Educaci\u00f3n Infantil &#8211; 2\u00ba ciclo<img loading=\"lazy\" decoding=\"async\" width=\"30\" height=\"30\" class=\"wp-image-1712\" style=\"width: 30px;\" src=\"http:\/\/ceipmiraflores.es\/web\/wp-content\/uploads\/2022\/05\/transparente.png\" alt=\"\" srcset=\"https:\/\/ceipmiraflores.es\/web\/wp-content\/uploads\/2022\/05\/transparente.png 360w, https:\/\/ceipmiraflores.es\/web\/wp-content\/uploads\/2022\/05\/transparente-300x300.png 300w, https:\/\/ceipmiraflores.es\/web\/wp-content\/uploads\/2022\/05\/transparente-150x150.png 150w\" sizes=\"auto, (max-width: 30px) 100vw, 30px\" \/><a href=\"https:\/\/drive.google.com\/u\/0\/uc?id=1ZwlhDANryjcwweDeQgKFmEplqUUfyb9g&amp;export=download\"><img loading=\"lazy\" decoding=\"async\" width=\"25\" height=\"25\" class=\"wp-image-2424\" style=\"width: 25px;\" src=\"http:\/\/ceipmiraflores.es\/web\/wp-content\/uploads\/2023\/03\/logo-PDF.png\" alt=\"\" srcset=\"https:\/\/ceipmiraflores.es\/web\/wp-content\/uploads\/2023\/03\/logo-PDF.png 250w, https:\/\/ceipmiraflores.es\/web\/wp-content\/uploads\/2023\/03\/logo-PDF-150x150.png 150w\" sizes=\"auto, (max-width: 25px) 100vw, 25px\" \/><\/a><\/li><\/ul>\n\n\n\n<ul class=\"wp-block-list\"><li>Matr\u00edcula Educaci\u00f3n Primaria<img loading=\"lazy\" decoding=\"async\" width=\"30\" height=\"30\" class=\"wp-image-1712\" style=\"width: 30px;\" src=\"http:\/\/ceipmiraflores.es\/web\/wp-content\/uploads\/2022\/05\/transparente.png\" alt=\"\" srcset=\"https:\/\/ceipmiraflores.es\/web\/wp-content\/uploads\/2022\/05\/transparente.png 360w, https:\/\/ceipmiraflores.es\/web\/wp-content\/uploads\/2022\/05\/transparente-300x300.png 300w, https:\/\/ceipmiraflores.es\/web\/wp-content\/uploads\/2022\/05\/transparente-150x150.png 150w\" sizes=\"auto, (max-width: 30px) 100vw, 30px\" \/><a href=\"https:\/\/drive.google.com\/u\/0\/uc?id=1j8WkN2Hff4pFN-bO_KKV_vN4VBXxnOZ9&amp;export=download\"><img loading=\"lazy\" decoding=\"async\" width=\"25\" height=\"25\" class=\"wp-image-2424\" style=\"width: 25px;\" src=\"http:\/\/ceipmiraflores.es\/web\/wp-content\/uploads\/2023\/03\/logo-PDF.png\" alt=\"\" srcset=\"https:\/\/ceipmiraflores.es\/web\/wp-content\/uploads\/2023\/03\/logo-PDF.png 250w, https:\/\/ceipmiraflores.es\/web\/wp-content\/uploads\/2023\/03\/logo-PDF-150x150.png 150w\" sizes=\"auto, (max-width: 25px) 100vw, 25px\" \/><\/a><\/li><\/ul>\n","protected":false},"excerpt":{"rendered":"<p>En el CEIP Miraflores de los \u00c1ngeles te lo ponemos f\u00e1cil &#8211; Descarga y completa tu matr\u00edcula c\u00f3modamente desde cualquier lugar. No olvides presentarla en horario de Secretar\u00eda o env\u00edanosla &#8230;<\/p>\n","protected":false},"author":2,"featured_media":0,"parent":0,"menu_order":0,"comment_status":"closed","ping_status":"closed","template":"","meta":{"_uag_custom_page_level_css":"","footnotes":""},"class_list":["post-2805","page","type-page","status-publish","hentry"],"uagb_featured_image_src":{"full":false,"thumbnail":false,"medium":false,"medium_large":false,"large":false,"1536x1536":false,"2048x2048":false,"onepress-blog-small":false,"onepress-small":false,"onepress-medium":false},"uagb_author_info":{"display_name":"Administrador General","author_link":"https:\/\/ceipmiraflores.es\/web\/author\/manager\/"},"uagb_comment_info":0,"uagb_excerpt":"En el CEIP Miraflores de los \u00c1ngeles te lo ponemos f\u00e1cil &#8211; Descarga y completa tu matr\u00edcula c\u00f3modamente desde cualquier lugar. No olvides presentarla en horario de Secretar\u00eda o env\u00edanosla ...","_links":{"self":[{"href":"https:\/\/ceipmiraflores.es\/web\/wp-json\/wp\/v2\/pages\/2805","targetHints":{"allow":["GET"]}}],"collection":[{"href":"https:\/\/ceipmiraflores.es\/web\/wp-json\/wp\/v2\/pages"}],"about":[{"href":"https:\/\/ceipmiraflores.es\/web\/wp-json\/wp\/v2\/types\/page"}],"author":[{"embeddable":true,"href":"https:\/\/ceipmiraflores.es\/web\/wp-json\/wp\/v2\/users\/2"}],"replies":[{"embeddable":true,"href":"https:\/\/ceipmiraflores.es\/web\/wp-json\/wp\/v2\/comments?post=2805"}],"version-history":[{"count":30,"href":"https:\/\/ceipmiraflores.es\/web\/wp-json\/wp\/v2\/pages\/2805\/revisions"}],"predecessor-version":[{"id":2901,"href":"https:\/\/ceipmiraflores.es\/web\/wp-json\/wp\/v2\/pages\/2805\/revisions\/2901"}],"wp:attachment":[{"href":"https:\/\/ceipmiraflores.es\/web\/wp-json\/wp\/v2\/media?parent=2805"}],"curies":[{"name":"wp","href":"https:\/\/api.w.org\/{rel}","templated":true}]}}