{"id":1354,"date":"2020-03-31T18:05:00","date_gmt":"2020-03-31T16:05:00","guid":{"rendered":"http:\/\/ceipmiraflores.es\/web\/?page_id=1354"},"modified":"2023-08-01T11:00:11","modified_gmt":"2023-08-01T09:00:11","slug":"contacto","status":"publish","type":"page","link":"https:\/\/ceipmiraflores.es\/web\/contacto\/","title":{"rendered":"Contacto"},"content":{"rendered":"\r\n<div class=\"wp-block-columns is-layout-flex wp-container-core-columns-is-layout-1 wp-block-columns-is-layout-flex\">\r\n<div class=\"wp-block-column is-layout-flow wp-block-column-is-layout-flow\">\r\n<div class=\"wp-block-uagb-advanced-heading uagb-block-245d2ecc-f5c6-4c95-8b9c-0a856a652788\">\r\n<h3 class=\"uagb-heading-text\">D\u00f3nde estamos&#8230;<\/h3>\r\n<p class=\"uagb-desc-text\">\u00a0<\/p>\r\n<\/div>\r\n\r\n\r\n\t\t\t<div \n\t\t\tclass=\"wp-block-uagb-google-map uagb-google-map__wrap uagb-block-190c0bc5-d8e1-471f-89d3-9c4ba1ee62b9     \"\n\t\t\tstyle=\"\" >\n\t\t\t\t<embed\n\t\t\t\t\tclass=\"uagb-google-map__iframe\"\n\t\t\t\t\ttitle=\"Mapa de Google de\"\n\t\t\t\t\tsrc=\"https:\/\/maps.google.com\/maps?q=CEIP%20Miraflores%20de%20los%20%C3%81ngeles&#038;z=15&#038;hl=en&#038;t=m&#038;output=embed&#038;iwloc=near\"\n\t\t\t\t\twidth=\"640\"\n\t\t\t\t\theight=\"500\"\n\t\t\t\t\tloading=\"lazy\"\n\t\t\t\t><\/embed>\n\t\t\t<\/div>\n\t\t\t\r\n\r\n\r\n<p>&nbsp;<\/p>\r\n\r\n\r\n\r\n<p>&nbsp;<\/p>\r\n\r\n\r\n\r\n<p class=\"has-text-align-center\"><br \/><strong>CEIP Miraflores de los \u00c1ngeles<\/strong><br \/>Avda. Miraflores de los \u00c1ngeles, 6<br \/>29011 &#8211; M\u00e1laga.<\/p>\r\n<h5 class=\"has-text-align-center\">+34 951 29 86 42<\/h5>\r\n<\/div>\r\n\r\n\r\n\r\n<div class=\"wp-block-column is-layout-flow wp-block-column-is-layout-flow\">\r\n<div class=\"wp-block-uagb-advanced-heading uagb-block-7dc3ab43-054c-4c94-be6a-12c4499e340a\">\r\n<h3 class=\"uagb-heading-text\">Formulario de Contacto<\/h3>\r\n<p class=\"uagb-desc-text\">\u00a0<\/p>\r\n<\/div>\r\n\r\n\r\n\t\t\t\t<div class = \"wp-block-uagb-cf7-styler uagb-cf7-styler__outer-wrap uagb-block-c9219d1b-a569-487b-8123-acda0ccfeb76   \">\n\t\t\t\t\t<div class = \"uagb-cf7-styler__align-left uagb-cf7-styler__field-style-box uagb-cf7-styler__btn-align-left uagb-cf7-styler__btn-align-tablet- uagb-cf7-styler__btn-align-mobile- uagb-cf7-styler__highlight-style-default uagb-cf7-styler__check-style-enabled\">\n\t\t\t\t\t<div role=\"form\" class=\"wpcf7\" id=\"wpcf7-f1395-o1\" lang=\"es-ES\" dir=\"ltr\">\n<div class=\"screen-reader-response\" role=\"alert\" aria-live=\"polite\"><\/div>\n<form action=\"\/web\/wp-json\/wp\/v2\/pages\/1354#wpcf7-f1395-o1\" method=\"post\" class=\"wpcf7-form init\" novalidate=\"novalidate\">\n<div style=\"display: none;\">\n<input type=\"hidden\" name=\"_wpcf7\" value=\"1395\" \/>\n<input type=\"hidden\" name=\"_wpcf7_version\" value=\"5.2\" \/>\n<input type=\"hidden\" name=\"_wpcf7_locale\" value=\"es_ES\" \/>\n<input type=\"hidden\" name=\"_wpcf7_unit_tag\" value=\"wpcf7-f1395-o1\" \/>\n<input type=\"hidden\" name=\"_wpcf7_container_post\" value=\"0\" \/>\n<input type=\"hidden\" name=\"_wpcf7_posted_data_hash\" value=\"\" \/>\n<\/div>\n<p><label> Nombre y\/o Apellido (obligatorio)<br \/>\n    <span class=\"wpcf7-form-control-wrap your-name\"><input type=\"text\" name=\"your-name\" value=\"\" size=\"40\" class=\"wpcf7-form-control wpcf7-text wpcf7-validates-as-required\" aria-required=\"true\" aria-invalid=\"false\" \/><\/span> <\/label><\/p>\n<p><label> Correo electr\u00f3nico (obligatorio)<br \/>\n    <span class=\"wpcf7-form-control-wrap your-email\"><input type=\"email\" name=\"your-email\" value=\"\" size=\"40\" class=\"wpcf7-form-control wpcf7-text wpcf7-email wpcf7-validates-as-required wpcf7-validates-as-email\" aria-required=\"true\" aria-invalid=\"false\" \/><\/span> <\/label><\/p>\n<p><label> Asunto o motivo<br \/>\n    <span class=\"wpcf7-form-control-wrap your-subject\"><input type=\"text\" name=\"your-subject\" value=\"\" size=\"40\" class=\"wpcf7-form-control wpcf7-text\" aria-invalid=\"false\" \/><\/span> <\/label><\/p>\n<p><label> Cuerpo del mensaje<br \/>\n    <span class=\"wpcf7-form-control-wrap your-message\"><textarea name=\"your-message\" cols=\"40\" rows=\"10\" class=\"wpcf7-form-control wpcf7-textarea\" aria-invalid=\"false\"><\/textarea><\/span> <\/label><\/p>\n<p><input type=\"submit\" value=\"Enviar\" class=\"wpcf7-form-control wpcf7-submit\" \/><\/p>\n<div class=\"wpcf7-response-output\" role=\"alert\" aria-hidden=\"true\"><\/div><\/form><\/div>\t\t\t\t\t<\/div>\n\t\t\t\t<\/div>\n\t\t\t\t<\/div>\r\n<\/div>\r\n","protected":false},"excerpt":{"rendered":"<p>D\u00f3nde estamos&#8230; \u00a0 &nbsp; &nbsp; CEIP Miraflores de los \u00c1ngelesAvda. Miraflores de los \u00c1ngeles, 629011 &#8211; M\u00e1laga. +34 951 29 86 42 Formulario de Contacto \u00a0<\/p>\n","protected":false},"author":2,"featured_media":0,"parent":0,"menu_order":0,"comment_status":"closed","ping_status":"closed","template":"","meta":{"_uag_custom_page_level_css":"","footnotes":""},"class_list":["post-1354","page","type-page","status-publish","hentry"],"uagb_featured_image_src":{"full":false,"thumbnail":false,"medium":false,"medium_large":false,"large":false,"1536x1536":false,"2048x2048":false,"onepress-blog-small":false,"onepress-small":false,"onepress-medium":false},"uagb_author_info":{"display_name":"Administrador General","author_link":"https:\/\/ceipmiraflores.es\/web\/author\/manager\/"},"uagb_comment_info":0,"uagb_excerpt":"D\u00f3nde estamos&#8230; \u00a0 &nbsp; &nbsp; CEIP Miraflores de los \u00c1ngelesAvda. Miraflores de los \u00c1ngeles, 629011 &#8211; M\u00e1laga. +34 951 29 86 42 Formulario de Contacto \u00a0","_links":{"self":[{"href":"https:\/\/ceipmiraflores.es\/web\/wp-json\/wp\/v2\/pages\/1354","targetHints":{"allow":["GET"]}}],"collection":[{"href":"https:\/\/ceipmiraflores.es\/web\/wp-json\/wp\/v2\/pages"}],"about":[{"href":"https:\/\/ceipmiraflores.es\/web\/wp-json\/wp\/v2\/types\/page"}],"author":[{"embeddable":true,"href":"https:\/\/ceipmiraflores.es\/web\/wp-json\/wp\/v2\/users\/2"}],"replies":[{"embeddable":true,"href":"https:\/\/ceipmiraflores.es\/web\/wp-json\/wp\/v2\/comments?post=1354"}],"version-history":[{"count":67,"href":"https:\/\/ceipmiraflores.es\/web\/wp-json\/wp\/v2\/pages\/1354\/revisions"}],"predecessor-version":[{"id":2854,"href":"https:\/\/ceipmiraflores.es\/web\/wp-json\/wp\/v2\/pages\/1354\/revisions\/2854"}],"wp:attachment":[{"href":"https:\/\/ceipmiraflores.es\/web\/wp-json\/wp\/v2\/media?parent=1354"}],"curies":[{"name":"wp","href":"https:\/\/api.w.org\/{rel}","templated":true}]}}