{"id":1328,"date":"2020-03-24T09:51:13","date_gmt":"2020-03-24T08:51:13","guid":{"rendered":"http:\/\/ceipmiraflores.es\/web\/?page_id=1328"},"modified":"2023-02-16T09:58:12","modified_gmt":"2023-02-16T08:58:12","slug":"datos-del-centro","status":"publish","type":"page","link":"https:\/\/ceipmiraflores.es\/web\/datos-del-centro\/","title":{"rendered":"Datos del Centro"},"content":{"rendered":"<p style=\"text-align: center;\"><strong>Colegio de Educaci\u00f3n Infantil y Primaria Miraflores de los \u00c1ngeles<\/strong><\/p>\n<p><a href=\"https:\/\/www.google.es\/maps\/place\/Av.+Miraflores+de+los+%C3%81ngeles,+6,+29011+M%C3%A1laga\/@36.7301735,-4.4493939,15z\/data=!4m6!3m5!1s0xd72f708e99975b9:0xbf3a8659c320bad2!8m2!3d36.7299527!4d-4.4423412!16s%2Fg%2F11c26wgwwr?hl=es\"><img loading=\"lazy\" decoding=\"async\" class=\"aligncenter  wp-image-1991\" src=\"http:\/\/ceipmiraflores.es\/web\/wp-content\/uploads\/2023\/02\/mapa-situaci\u00f3n-300x170.jpg\" alt=\"\" width=\"558\" height=\"316\" srcset=\"https:\/\/ceipmiraflores.es\/web\/wp-content\/uploads\/2023\/02\/mapa-situaci\u00f3n-300x170.jpg 300w, https:\/\/ceipmiraflores.es\/web\/wp-content\/uploads\/2023\/02\/mapa-situaci\u00f3n-768x434.jpg 768w, https:\/\/ceipmiraflores.es\/web\/wp-content\/uploads\/2023\/02\/mapa-situaci\u00f3n.jpg 819w\" sizes=\"auto, (max-width: 558px) 100vw, 558px\" \/><\/a><\/p>\n<p style=\"text-align: center;\"><strong>Direcci\u00f3n:<\/strong> Avenida de Miraflores de los \u00c1ngeles, 6. 29011 \u2013 M\u00e1laga. Espa\u00f1a<\/p>\n<p style=\"text-align: center;\"><strong>Tel\u00e9fono:<\/strong> 951298642<\/p>\n<p style=\"text-align: center;\"><strong>Email:<\/strong> 29004742.edu@juntadeandalucia.es<\/p>\n","protected":false},"excerpt":{"rendered":"<p>Colegio de Educaci\u00f3n Infantil y Primaria Miraflores de los \u00c1ngeles Direcci\u00f3n: Avenida de Miraflores de los \u00c1ngeles, 6. 29011 \u2013 M\u00e1laga. Espa\u00f1a Tel\u00e9fono: 951298642 Email: 29004742.edu@juntadeandalucia.es<\/p>\n","protected":false},"author":2,"featured_media":0,"parent":0,"menu_order":0,"comment_status":"closed","ping_status":"closed","template":"","meta":{"_uag_custom_page_level_css":"","footnotes":""},"class_list":["post-1328","page","type-page","status-publish","hentry"],"uagb_featured_image_src":{"full":false,"thumbnail":false,"medium":false,"medium_large":false,"large":false,"1536x1536":false,"2048x2048":false,"onepress-blog-small":false,"onepress-small":false,"onepress-medium":false},"uagb_author_info":{"display_name":"Administrador General","author_link":"https:\/\/ceipmiraflores.es\/web\/author\/manager\/"},"uagb_comment_info":0,"uagb_excerpt":"Colegio de Educaci\u00f3n Infantil y Primaria Miraflores de los \u00c1ngeles Direcci\u00f3n: Avenida de Miraflores de los \u00c1ngeles, 6. 29011 \u2013 M\u00e1laga. Espa\u00f1a Tel\u00e9fono: 951298642 Email: 29004742.edu@juntadeandalucia.es","_links":{"self":[{"href":"https:\/\/ceipmiraflores.es\/web\/wp-json\/wp\/v2\/pages\/1328","targetHints":{"allow":["GET"]}}],"collection":[{"href":"https:\/\/ceipmiraflores.es\/web\/wp-json\/wp\/v2\/pages"}],"about":[{"href":"https:\/\/ceipmiraflores.es\/web\/wp-json\/wp\/v2\/types\/page"}],"author":[{"embeddable":true,"href":"https:\/\/ceipmiraflores.es\/web\/wp-json\/wp\/v2\/users\/2"}],"replies":[{"embeddable":true,"href":"https:\/\/ceipmiraflores.es\/web\/wp-json\/wp\/v2\/comments?post=1328"}],"version-history":[{"count":3,"href":"https:\/\/ceipmiraflores.es\/web\/wp-json\/wp\/v2\/pages\/1328\/revisions"}],"predecessor-version":[{"id":2002,"href":"https:\/\/ceipmiraflores.es\/web\/wp-json\/wp\/v2\/pages\/1328\/revisions\/2002"}],"wp:attachment":[{"href":"https:\/\/ceipmiraflores.es\/web\/wp-json\/wp\/v2\/media?parent=1328"}],"curies":[{"name":"wp","href":"https:\/\/api.w.org\/{rel}","templated":true}]}}